{"id":530,"date":"2022-02-23T11:22:12","date_gmt":"2022-02-23T11:22:12","guid":{"rendered":"https:\/\/graust.com\/disseny-de-linstalacio\/"},"modified":"2024-03-08T08:16:06","modified_gmt":"2024-03-08T08:16:06","slug":"diseno-de-la-instalacion","status":"publish","type":"page","link":"https:\/\/graust.com\/es\/diseno-de-la-instalacion\/","title":{"rendered":"Dise\u00f1o de la instalaci\u00f3n"},"content":{"rendered":"\t\t<div data-elementor-type=\"wp-page\" data-elementor-id=\"530\" class=\"elementor elementor-530 elementor-49\" data-elementor-post-type=\"page\">\n\t\t\t\t\t\t<section class=\"elementor-section elementor-top-section elementor-element elementor-element-3b3fe35 elementor-section-full_width elementor-section-height-default elementor-section-height-default\" data-id=\"3b3fe35\" data-element_type=\"section\" data-e-type=\"section\">\n\t\t\t\t\t\t<div class=\"elementor-container elementor-column-gap-no\">\n\t\t\t\t\t<div class=\"elementor-column elementor-col-100 elementor-top-column elementor-element elementor-element-0ab0751\" data-id=\"0ab0751\" data-element_type=\"column\" data-e-type=\"column\">\n\t\t\t<div class=\"elementor-widget-wrap elementor-element-populated\">\n\t\t\t\t\t\t<div class=\"elementor-element elementor-element-9fdf1b5 elementor--h-position-center elementor--v-position-middle elementor-arrows-position-inside elementor-widget elementor-widget-slides\" data-id=\"9fdf1b5\" data-element_type=\"widget\" data-e-type=\"widget\" data-settings=\"{&quot;navigation&quot;:&quot;arrows&quot;,&quot;autoplay&quot;:&quot;yes&quot;,&quot;pause_on_hover&quot;:&quot;yes&quot;,&quot;pause_on_interaction&quot;:&quot;yes&quot;,&quot;autoplay_speed&quot;:5000,&quot;infinite&quot;:&quot;yes&quot;,&quot;transition&quot;:&quot;slide&quot;,&quot;transition_speed&quot;:500}\" data-widget_type=\"slides.default\">\n\t\t\t\t<div class=\"elementor-widget-container\">\n\t\t\t\t\t\t\t\t\t<div class=\"elementor-swiper\">\n\t\t\t\t\t<div class=\"elementor-slides-wrapper elementor-main-swiper swiper\" role=\"region\" aria-roledescription=\"carousel\" aria-label=\"Diapositivas\" dir=\"ltr\" data-animation=\"fadeInUp\">\n\t\t\t\t<div class=\"swiper-wrapper elementor-slides\">\n\t\t\t\t\t\t\t\t\t\t<div class=\"elementor-repeater-item-b3c5fc3 swiper-slide\" role=\"group\" aria-roledescription=\"slide\"><div class=\"swiper-slide-bg\" role=\"img\" aria-label=\"disseny instalacio(2)\"><\/div><div class=\"elementor-background-overlay\"><\/div><div class=\"swiper-slide-inner\" ><div class=\"swiper-slide-contents\"><div class=\"elementor-slide-heading\">DISE\u00d1O DE LA INSTALACI\u00d3N<\/div><\/div><\/div><\/div>\t\t\t\t<\/div>\n\t\t\t\t\t\t\t<\/div>\n\t\t\t\t<\/div>\n\t\t\t\t\t\t\t\t<\/div>\n\t\t\t\t<\/div>\n\t\t\t\t\t<\/div>\n\t\t<\/div>\n\t\t\t\t\t<\/div>\n\t\t<\/section>\n\t\t\t\t<section class=\"elementor-section elementor-top-section elementor-element elementor-element-eafba85 elementor-section-boxed elementor-section-height-default elementor-section-height-default\" data-id=\"eafba85\" data-element_type=\"section\" data-e-type=\"section\">\n\t\t\t\t\t\t<div class=\"elementor-container elementor-column-gap-default\">\n\t\t\t\t\t<div class=\"elementor-column elementor-col-100 elementor-top-column elementor-element elementor-element-f94f871\" data-id=\"f94f871\" data-element_type=\"column\" data-e-type=\"column\">\n\t\t\t<div class=\"elementor-widget-wrap elementor-element-populated\">\n\t\t\t\t\t\t<div class=\"elementor-element elementor-element-9d9fd68 elementor-widget elementor-widget-heading\" data-id=\"9d9fd68\" data-element_type=\"widget\" data-e-type=\"widget\" data-widget_type=\"heading.default\">\n\t\t\t\t<div class=\"elementor-widget-container\">\n\t\t\t\t\t<h1 class=\"elementor-heading-title elementor-size-default\">Dise\u00f1o de la instalaci\u00f3n de climatizaci\u00f3n<\/h1>\t\t\t\t<\/div>\n\t\t\t\t<\/div>\n\t\t\t\t<div class=\"elementor-element elementor-element-071c038 elementor-widget elementor-widget-text-editor\" data-id=\"071c038\" data-element_type=\"widget\" data-e-type=\"widget\" data-widget_type=\"text-editor.default\">\n\t\t\t\t<div class=\"elementor-widget-container\">\n\t\t\t\t\t\t\t\t\t<div class=\"traductor-textarea form-group\">\n<div class=\"textarea-desti col-xs-12 col-sm-6\">\n<div class=\"form-control second-textarea\">Si est\u00e1s construyendo una casa o reformando tu piso en la Garrotxa y tienes dudas sobre c\u00f3mo climatizar, te proporcionamos asesoramiento en el dise\u00f1o de las instalaciones de climatizaci\u00f3n.<\/div>\n<\/div>\n<\/div>\n<div class=\"traductor-checkbox form-group\">\n<div class=\"row\">\n<div class=\"col-sm-offset-2 col-sm-5\"><\/div>\n<\/div>\n<\/div>\n\t\t\t\t\t\t\t\t<\/div>\n\t\t\t\t<\/div>\n\t\t\t\t<div class=\"elementor-element elementor-element-f57068a elementor-widget elementor-widget-text-editor\" data-id=\"f57068a\" data-element_type=\"widget\" data-e-type=\"widget\" data-widget_type=\"text-editor.default\">\n\t\t\t\t<div class=\"elementor-widget-container\">\n\t\t\t\t\t\t\t\t\t<p>Adem\u00e1s, podemos realizar el c\u00e1lculo de potencias y tomar las medidas necesarias para ajustar las instalaciones de climatizaci\u00f3n a las dimensiones y necesidades del espacio.<\/p>\n<p>Nuestro equipo de profesionales realiza el dise\u00f1o de las instalaciones de climatizaci\u00f3n tanto para viviendas como para empresas, siguiendo siempre el criterio de m\u00e1xima eficiencia energ\u00e9tica, emisiones m\u00ednimas de CO\u2082 y rentabilidad econ\u00f3mica del sistema.<\/p>\n<p>Como especialistas en energ\u00edas renovables, a <strong>GRAU ST<\/strong> podemos incorporar fuentes como la solar fotovoltaica, solar t\u00e9rmica, geotermia, biomasa, aerotermia, etc., en el dise\u00f1o de tus instalaciones de climatizaci\u00f3n.<\/p>\n<p>Las instalaciones de climatizaci\u00f3n, sean en viviendas particulares o en locales de empresas en la Garrotxa, a menudo implican un consumo energ\u00e9tico elevado para conseguir el confort t\u00e9rmico deseado. Por eso, es crucial que su dise\u00f1o prevea medidas para aumentar su eficiencia energ\u00e9tica, as\u00ed como la incorporaci\u00f3n de fuentes de energ\u00eda renovables.<\/p>\n<p>Un buen dise\u00f1o de las instalaciones de climatizaci\u00f3n dimensionar\u00e1 adecuadamente la potencia del sistema en funci\u00f3n del volumen de aire y las caracter\u00edsticas del edificio, incluyendo la orientaci\u00f3n, las aperturas y los horarios de uso habituales. En funci\u00f3n del estudio previo de necesidades y caracter\u00edsticas del espacio, se determinar\u00e1 el tratamiento t\u00e9rmico adecuado y los elementos que conformar\u00e1n las instalaciones, como por ejemplo unidades centrales y exteriores, elementos de ventilaci\u00f3n, retorno de aire, splits, conductas de ventilaci\u00f3n, entre otras.<\/p>\n\t\t\t\t\t\t\t\t<\/div>\n\t\t\t\t<\/div>\n\t\t\t\t<div class=\"elementor-element elementor-element-53f874b elementor-widget elementor-widget-zeus-image-gallery\" data-id=\"53f874b\" data-element_type=\"widget\" data-e-type=\"widget\" data-widget_type=\"zeus-image-gallery.default\">\n\t\t\t\t<div class=\"elementor-widget-container\">\n\t\t\t\t\t\n\t\t<div class=\"zeus-image-gallery\">\n\t\t\t\n\t\t\t\t<div class=\"zeus-gallery-item\">\n\t\t\t\t\t<div class=\"zeus-gallery-item-inner\">\n\t\t\t\t\t\t<div class=\"zeus-gallery-thumbnail\">\n\t\t\t\t\t\t\t<img decoding=\"async\" src=\"https:\/\/graust.com\/wp-content\/uploads\/2024\/02\/Disseny-sense-titol-97.png\" alt=\"Disseny sense t\u00edtol (97)\">\n\t\t\t\t\t\t<\/div>\n\n\t\t\t\t\t\t\t\t\t\t\t<\/div>\n\t\t\t\t<\/div>\n\n\t\t\t\t\n\t\t\t\t<div class=\"zeus-gallery-item\">\n\t\t\t\t\t<div class=\"zeus-gallery-item-inner\">\n\t\t\t\t\t\t<div class=\"zeus-gallery-thumbnail\">\n\t\t\t\t\t\t\t<img decoding=\"async\" src=\"https:\/\/graust.com\/wp-content\/uploads\/2024\/02\/Disseny-sense-titol-98.png\" alt=\"Disseny sense t\u00edtol (98)\">\n\t\t\t\t\t\t<\/div>\n\n\t\t\t\t\t\t\t\t\t\t\t<\/div>\n\t\t\t\t<\/div>\n\n\t\t\t\t\t\t<\/div>\n\n\t\t\t\t\t\t<\/div>\n\t\t\t\t<\/div>\n\t\t\t\t\t<\/div>\n\t\t<\/div>\n\t\t\t\t\t<\/div>\n\t\t<\/section>\n\t\t\t\t<section class=\"elementor-section elementor-top-section elementor-element elementor-element-3460679 elementor-section-boxed elementor-section-height-default elementor-section-height-default\" data-id=\"3460679\" data-element_type=\"section\" data-e-type=\"section\">\n\t\t\t\t\t\t<div class=\"elementor-container elementor-column-gap-default\">\n\t\t\t\t\t<div class=\"elementor-column elementor-col-33 elementor-top-column elementor-element elementor-element-f55492e\" data-id=\"f55492e\" data-element_type=\"column\" data-e-type=\"column\">\n\t\t\t<div class=\"elementor-widget-wrap elementor-element-populated\">\n\t\t\t\t\t\t<div class=\"elementor-element elementor-element-8d38214 zeus-flip-box-effect-flip zeus-flip-box-direction-left zeus-flip-box-3d-yes elementor-widget elementor-widget-zeus-flip-box\" data-id=\"8d38214\" data-element_type=\"widget\" data-e-type=\"widget\" data-widget_type=\"zeus-flip-box.default\">\n\t\t\t\t<div class=\"elementor-widget-container\">\n\t\t\t\t\t\n\t\t<div class=\"zeus-flip-box\">\n\n\t\t\t<div class=\"zeus-flip-box-layer zeus-flip-box-front\">\n\t\t\t\t<div class=\"zeus-flip-box-layer-overlay\">\n\t\t\t\t\t<div class=\"zeus-flip-box-layer-inner\">\n\t\t\t\t\t\t\t\t\t\t\t\t\t<div class=\"elementor-icon-wrap elementor-view-default\">\n\t\t\t\t\t\t\t\t<div class=\"elementor-icon\">\n\t\t\t\t\t\t\t\t\t<i aria-hidden=\"true\" class=\"fab fa-think-peaks\"><\/i>\t\t\t\t\t\t\t\t<\/div>\n\t\t\t\t\t\t\t<\/div>\n\t\t\t\t\t\t\t\t\t\t\t\t\t\t<h3 class=\"zeus-flip-box-layer-title\">\n\t\t\t\t\t\t\t\tESTUDIAMOS LAS POSIBILIDADES\t\t\t\t\t\t\t<\/h3>\n\t\t\t\t\t\t\t\t\t\t\t\t<\/div>\n\t\t\t\t<\/div>\n\t\t\t<\/div>\n\n\t\t\t<div class=\"zeus-flip-box-layer zeus-flip-box-back\">\n\t\t\t\t<div class=\"zeus-flip-box-layer-overlay\">\n\t\t\t\t\t<div class=\"zeus-flip-box-layer-inner\">\n\t\t\t\t\t\t\t\t\t\t\t\t\t<div class=\"zeus-flip-box-layer-desc\">\n\t\t\t\t\t\t\t\tNos reunimos para estudiar y ver las posibilidades de la instalaci\u00f3n\t\t\t\t\t\t\t<\/div>\n\t\t\t\t\t\t\t\t\t\t\t\t<\/div>\n\t\t\t\t<\/div>\n\t\t\t<\/div>\n\n\t\t<\/div>\n\n\t\t\t\t\t\t<\/div>\n\t\t\t\t<\/div>\n\t\t\t\t\t<\/div>\n\t\t<\/div>\n\t\t\t\t<div class=\"elementor-column elementor-col-33 elementor-top-column elementor-element elementor-element-a5d36a3\" data-id=\"a5d36a3\" data-element_type=\"column\" data-e-type=\"column\">\n\t\t\t<div class=\"elementor-widget-wrap elementor-element-populated\">\n\t\t\t\t\t\t<div class=\"elementor-element elementor-element-8b57c8c zeus-flip-box-effect-flip zeus-flip-box-direction-left zeus-flip-box-3d-yes elementor-widget elementor-widget-zeus-flip-box\" data-id=\"8b57c8c\" data-element_type=\"widget\" data-e-type=\"widget\" data-widget_type=\"zeus-flip-box.default\">\n\t\t\t\t<div class=\"elementor-widget-container\">\n\t\t\t\t\t\n\t\t<div class=\"zeus-flip-box\">\n\n\t\t\t<div class=\"zeus-flip-box-layer zeus-flip-box-front\">\n\t\t\t\t<div class=\"zeus-flip-box-layer-overlay\">\n\t\t\t\t\t<div class=\"zeus-flip-box-layer-inner\">\n\t\t\t\t\t\t\t\t\t\t\t\t\t<div class=\"elementor-icon-wrap elementor-view-default\">\n\t\t\t\t\t\t\t\t<div class=\"elementor-icon\">\n\t\t\t\t\t\t\t\t\t<i aria-hidden=\"true\" class=\"fas fa-pencil-ruler\"><\/i>\t\t\t\t\t\t\t\t<\/div>\n\t\t\t\t\t\t\t<\/div>\n\t\t\t\t\t\t\t\t\t\t\t\t\t\t<h3 class=\"zeus-flip-box-layer-title\">\n\t\t\t\t\t\t\t\tDISE\u00d1AMOS LA INSTALACI\u00d3N\t\t\t\t\t\t\t<\/h3>\n\t\t\t\t\t\t\t\t\t\t\t\t<\/div>\n\t\t\t\t<\/div>\n\t\t\t<\/div>\n\n\t\t\t<div class=\"zeus-flip-box-layer zeus-flip-box-back\">\n\t\t\t\t<div class=\"zeus-flip-box-layer-overlay\">\n\t\t\t\t\t<div class=\"zeus-flip-box-layer-inner\">\n\t\t\t\t\t\t\t\t\t\t\t\t\t<div class=\"zeus-flip-box-layer-desc\">\n\t\t\t\t\t\t\t\tDise\u00f1amos una instalaci\u00f3n adaptada a las posibilidades de cada vivienda o empresa\n\t\t\t\t\t\t\t<\/div>\n\t\t\t\t\t\t\t\t\t\t\t\t<\/div>\n\t\t\t\t<\/div>\n\t\t\t<\/div>\n\n\t\t<\/div>\n\n\t\t\t\t\t\t<\/div>\n\t\t\t\t<\/div>\n\t\t\t\t\t<\/div>\n\t\t<\/div>\n\t\t\t\t<div class=\"elementor-column elementor-col-33 elementor-top-column elementor-element elementor-element-68e40d0\" data-id=\"68e40d0\" data-element_type=\"column\" data-e-type=\"column\">\n\t\t\t<div class=\"elementor-widget-wrap elementor-element-populated\">\n\t\t\t\t\t\t<div class=\"elementor-element elementor-element-be89f72 zeus-flip-box-effect-flip zeus-flip-box-direction-left zeus-flip-box-3d-yes elementor-widget elementor-widget-zeus-flip-box\" data-id=\"be89f72\" data-element_type=\"widget\" data-e-type=\"widget\" data-widget_type=\"zeus-flip-box.default\">\n\t\t\t\t<div class=\"elementor-widget-container\">\n\t\t\t\t\t\n\t\t<div class=\"zeus-flip-box\">\n\n\t\t\t<div class=\"zeus-flip-box-layer zeus-flip-box-front\">\n\t\t\t\t<div class=\"zeus-flip-box-layer-overlay\">\n\t\t\t\t\t<div class=\"zeus-flip-box-layer-inner\">\n\t\t\t\t\t\t\t\t\t\t\t\t\t<div class=\"elementor-icon-wrap elementor-view-default\">\n\t\t\t\t\t\t\t\t<div class=\"elementor-icon\">\n\t\t\t\t\t\t\t\t\t<i aria-hidden=\"true\" class=\"fas fa-lightbulb\"><\/i>\t\t\t\t\t\t\t\t<\/div>\n\t\t\t\t\t\t\t<\/div>\n\t\t\t\t\t\t\t\t\t\t\t\t\t\t<h3 class=\"zeus-flip-box-layer-title\">\n\t\t\t\t\t\t\t\tPRESENTAMOS LA MEJOR SOLUCI\u00d3N\t\t\t\t\t\t\t<\/h3>\n\t\t\t\t\t\t\t\t\t\t\t\t<\/div>\n\t\t\t\t<\/div>\n\t\t\t<\/div>\n\n\t\t\t<div class=\"zeus-flip-box-layer zeus-flip-box-back\">\n\t\t\t\t<div class=\"zeus-flip-box-layer-overlay\">\n\t\t\t\t\t<div class=\"zeus-flip-box-layer-inner\">\n\t\t\t\t\t\t\t\t\t\t\t\t\t<div class=\"zeus-flip-box-layer-desc\">\n\t\t\t\t\t\t\t\tTe presentaremos un dise\u00f1o personalizado y dando la mejor soluci\u00f3n creada por nuestro equipo t\u00e9cnico\t\t\t\t\t\t\t<\/div>\n\t\t\t\t\t\t\t\t\t\t\t\t<\/div>\n\t\t\t\t<\/div>\n\t\t\t<\/div>\n\n\t\t<\/div>\n\n\t\t\t\t\t\t<\/div>\n\t\t\t\t<\/div>\n\t\t\t\t\t<\/div>\n\t\t<\/div>\n\t\t\t\t\t<\/div>\n\t\t<\/section>\n\t\t\t\t<section class=\"elementor-section elementor-top-section elementor-element elementor-element-1d8514c elementor-section-boxed elementor-section-height-default elementor-section-height-default\" data-id=\"1d8514c\" data-element_type=\"section\" data-e-type=\"section\" data-settings=\"{&quot;background_background&quot;:&quot;classic&quot;}\">\n\t\t\t\t\t\t<div class=\"elementor-container elementor-column-gap-default\">\n\t\t\t\t\t<div class=\"elementor-column elementor-col-100 elementor-top-column elementor-element elementor-element-3bc2993\" data-id=\"3bc2993\" data-element_type=\"column\" data-e-type=\"column\">\n\t\t\t<div class=\"elementor-widget-wrap elementor-element-populated\">\n\t\t\t\t\t\t<div class=\"elementor-element elementor-element-cfde43d elementor-widget elementor-widget-heading\" data-id=\"cfde43d\" data-element_type=\"widget\" data-e-type=\"widget\" data-widget_type=\"heading.default\">\n\t\t\t\t<div class=\"elementor-widget-container\">\n\t\t\t\t\t<h2 class=\"elementor-heading-title elementor-size-default\">Como nuestro equipo t\u00e9cnico TE puede ayudar<\/h2>\t\t\t\t<\/div>\n\t\t\t\t<\/div>\n\t\t\t\t<div class=\"elementor-element elementor-element-875422e elementor-widget elementor-widget-button\" data-id=\"875422e\" data-element_type=\"widget\" data-e-type=\"widget\" data-widget_type=\"button.default\">\n\t\t\t\t<div class=\"elementor-widget-container\">\n\t\t\t\t\t\t\t\t\t<div class=\"elementor-button-wrapper\">\n\t\t\t\t\t<a class=\"elementor-button elementor-button-link elementor-size-sm\" href=\"https:\/\/graust.com\/es\/contacto\/\">\n\t\t\t\t\t\t<span class=\"elementor-button-content-wrapper\">\n\t\t\t\t\t\t\t\t\t<span class=\"elementor-button-text\">CONT\u00c1CTANOS<\/span>\n\t\t\t\t\t<\/span>\n\t\t\t\t\t<\/a>\n\t\t\t\t<\/div>\n\t\t\t\t\t\t\t\t<\/div>\n\t\t\t\t<\/div>\n\t\t\t\t\t<\/div>\n\t\t<\/div>\n\t\t\t\t\t<\/div>\n\t\t<\/section>\n\t\t\t\t<\/div>\n\t\t","protected":false},"excerpt":{"rendered":"<p>DISE\u00d1O DE LA INSTALACI\u00d3N Dise\u00f1o de la instalaci\u00f3n de climatizaci\u00f3n Si est\u00e1s construyendo una casa o reformando tu piso en la Garrotxa y tienes dudas sobre c\u00f3mo climatizar, te proporcionamos asesoramiento en el dise\u00f1o de las instalaciones de climatizaci\u00f3n. Adem\u00e1s, podemos realizar el c\u00e1lculo de potencias y tomar las medidas necesarias para ajustar las instalaciones [&hellip;]<\/p>\n","protected":false},"author":2,"featured_media":0,"parent":0,"menu_order":0,"comment_status":"closed","ping_status":"closed","template":"","meta":{"site-sidebar-layout":"no-sidebar","site-content-layout":"page-builder","ast-site-content-layout":"default","site-content-style":"default","site-sidebar-style":"default","ast-global-header-display":"","ast-banner-title-visibility":"","ast-main-header-display":"","ast-hfb-above-header-display":"","ast-hfb-below-header-display":"","ast-hfb-mobile-header-display":"","site-post-title":"disabled","ast-breadcrumbs-content":"","ast-featured-img":"disabled","footer-sml-layout":"","ast-disable-related-posts":"","theme-transparent-header-meta":"","adv-header-id-meta":"","stick-header-meta":"","header-above-stick-meta":"","header-main-stick-meta":"","header-below-stick-meta":"","astra-migrate-meta-layouts":"default","ast-page-background-enabled":"default","ast-page-background-meta":{"desktop":{"background-color":"var(--ast-global-color-4)","background-image":"","background-repeat":"repeat","background-position":"center center","background-size":"auto","background-attachment":"scroll","background-type":"","background-media":"","overlay-type":"","overlay-color":"","overlay-opacity":"","overlay-gradient":""},"tablet":{"background-color":"","background-image":"","background-repeat":"repeat","background-position":"center center","background-size":"auto","background-attachment":"scroll","background-type":"","background-media":"","overlay-type":"","overlay-color":"","overlay-opacity":"","overlay-gradient":""},"mobile":{"background-color":"","background-image":"","background-repeat":"repeat","background-position":"center center","background-size":"auto","background-attachment":"scroll","background-type":"","background-media":"","overlay-type":"","overlay-color":"","overlay-opacity":"","overlay-gradient":""}},"ast-content-background-meta":{"desktop":{"background-color":"var(--ast-global-color-5)","background-image":"","background-repeat":"repeat","background-position":"center center","background-size":"auto","background-attachment":"scroll","background-type":"","background-media":"","overlay-type":"","overlay-color":"","overlay-opacity":"","overlay-gradient":""},"tablet":{"background-color":"var(--ast-global-color-5)","background-image":"","background-repeat":"repeat","background-position":"center center","background-size":"auto","background-attachment":"scroll","background-type":"","background-media":"","overlay-type":"","overlay-color":"","overlay-opacity":"","overlay-gradient":""},"mobile":{"background-color":"var(--ast-global-color-5)","background-image":"","background-repeat":"repeat","background-position":"center center","background-size":"auto","background-attachment":"scroll","background-type":"","background-media":"","overlay-type":"","overlay-color":"","overlay-opacity":"","overlay-gradient":""}},"footnotes":""},"class_list":["post-530","page","type-page","status-publish","hentry"],"_links":{"self":[{"href":"https:\/\/graust.com\/es\/wp-json\/wp\/v2\/pages\/530","targetHints":{"allow":["GET"]}}],"collection":[{"href":"https:\/\/graust.com\/es\/wp-json\/wp\/v2\/pages"}],"about":[{"href":"https:\/\/graust.com\/es\/wp-json\/wp\/v2\/types\/page"}],"author":[{"embeddable":true,"href":"https:\/\/graust.com\/es\/wp-json\/wp\/v2\/users\/2"}],"replies":[{"embeddable":true,"href":"https:\/\/graust.com\/es\/wp-json\/wp\/v2\/comments?post=530"}],"version-history":[{"count":18,"href":"https:\/\/graust.com\/es\/wp-json\/wp\/v2\/pages\/530\/revisions"}],"predecessor-version":[{"id":2094,"href":"https:\/\/graust.com\/es\/wp-json\/wp\/v2\/pages\/530\/revisions\/2094"}],"wp:attachment":[{"href":"https:\/\/graust.com\/es\/wp-json\/wp\/v2\/media?parent=530"}],"curies":[{"name":"wp","href":"https:\/\/api.w.org\/{rel}","templated":true}]}}