{"id":525,"date":"2022-02-23T11:22:12","date_gmt":"2022-02-23T11:22:12","guid":{"rendered":"https:\/\/graust.com\/tractaments-daigua\/"},"modified":"2024-03-08T10:52:15","modified_gmt":"2024-03-08T10:52:15","slug":"tratamientos-de-agua","status":"publish","type":"page","link":"https:\/\/graust.com\/es\/tratamientos-de-agua\/","title":{"rendered":"Tratamientos de agua"},"content":{"rendered":"\t\t<div data-elementor-type=\"wp-page\" data-elementor-id=\"525\" class=\"elementor elementor-525 elementor-54\" data-elementor-post-type=\"page\">\n\t\t\t\t\t\t<section class=\"elementor-section elementor-top-section elementor-element elementor-element-b794414 elementor-section-full_width elementor-section-height-default elementor-section-height-default\" data-id=\"b794414\" data-element_type=\"section\" data-e-type=\"section\">\n\t\t\t\t\t\t<div class=\"elementor-container elementor-column-gap-no\">\n\t\t\t\t\t<div class=\"elementor-column elementor-col-100 elementor-top-column elementor-element elementor-element-2be0791\" data-id=\"2be0791\" data-element_type=\"column\" data-e-type=\"column\">\n\t\t\t<div class=\"elementor-widget-wrap elementor-element-populated\">\n\t\t\t\t\t\t<div class=\"elementor-element elementor-element-48c6dba elementor--h-position-center elementor--v-position-middle elementor-arrows-position-inside elementor-widget elementor-widget-slides\" data-id=\"48c6dba\" data-element_type=\"widget\" data-e-type=\"widget\" data-settings=\"{&quot;navigation&quot;:&quot;arrows&quot;,&quot;autoplay&quot;:&quot;yes&quot;,&quot;pause_on_hover&quot;:&quot;yes&quot;,&quot;pause_on_interaction&quot;:&quot;yes&quot;,&quot;autoplay_speed&quot;:5000,&quot;infinite&quot;:&quot;yes&quot;,&quot;transition&quot;:&quot;slide&quot;,&quot;transition_speed&quot;:500}\" data-widget_type=\"slides.default\">\n\t\t\t\t<div class=\"elementor-widget-container\">\n\t\t\t\t\t\t\t\t\t<div class=\"elementor-swiper\">\n\t\t\t\t\t<div class=\"elementor-slides-wrapper elementor-main-swiper swiper\" role=\"region\" aria-roledescription=\"carousel\" aria-label=\"Diapositivas\" dir=\"ltr\" data-animation=\"fadeInUp\">\n\t\t\t\t<div class=\"swiper-wrapper elementor-slides\">\n\t\t\t\t\t\t\t\t\t\t<div class=\"elementor-repeater-item-b3c5fc3 swiper-slide\" role=\"group\" aria-roledescription=\"slide\"><div class=\"swiper-slide-bg\" role=\"img\" aria-label=\"TRACTAMENTS D&#039;AGUA (1)\"><\/div><div class=\"elementor-background-overlay\"><\/div><div class=\"swiper-slide-inner\" ><div class=\"swiper-slide-contents\"><div class=\"elementor-slide-heading\">Tratamientos de agua<\/div><\/div><\/div><\/div>\t\t\t\t<\/div>\n\t\t\t\t\t\t\t<\/div>\n\t\t\t\t<\/div>\n\t\t\t\t\t\t\t\t<\/div>\n\t\t\t\t<\/div>\n\t\t\t\t\t<\/div>\n\t\t<\/div>\n\t\t\t\t\t<\/div>\n\t\t<\/section>\n\t\t\t\t<section class=\"elementor-section elementor-top-section elementor-element elementor-element-6c33b75 elementor-section-boxed elementor-section-height-default elementor-section-height-default\" data-id=\"6c33b75\" data-element_type=\"section\" data-e-type=\"section\">\n\t\t\t\t\t\t<div class=\"elementor-container elementor-column-gap-default\">\n\t\t\t\t\t<div class=\"elementor-column elementor-col-100 elementor-top-column elementor-element elementor-element-e866539\" data-id=\"e866539\" data-element_type=\"column\" data-e-type=\"column\">\n\t\t\t<div class=\"elementor-widget-wrap elementor-element-populated\">\n\t\t\t\t\t\t<div class=\"elementor-element elementor-element-ae7d605 elementor-widget elementor-widget-heading\" data-id=\"ae7d605\" data-element_type=\"widget\" data-e-type=\"widget\" data-widget_type=\"heading.default\">\n\t\t\t\t<div class=\"elementor-widget-container\">\n\t\t\t\t\t<h2 class=\"elementor-heading-title elementor-size-default\">Tratamientos de agua de H2OLOT by Grau ST<\/h2>\t\t\t\t<\/div>\n\t\t\t\t<\/div>\n\t\t\t\t<div class=\"elementor-element elementor-element-aadf21d elementor-widget elementor-widget-text-editor\" data-id=\"aadf21d\" data-element_type=\"widget\" data-e-type=\"widget\" data-widget_type=\"text-editor.default\">\n\t\t\t\t<div class=\"elementor-widget-container\">\n\t\t\t\t\t\t\t\t\t<p>Trabajamos desde la nuestra empresa <strong><a style=\"color: #e73d3d; text-decoration: underline;\" href=\"http:\/\/www.h2olot.com\/\" target=\"_blank\" rel=\"noopener\">tractaments d&#8217;aigua Olot<\/a><\/strong><\/p>\n\t\t\t\t\t\t\t\t<\/div>\n\t\t\t\t<\/div>\n\t\t\t\t<section class=\"elementor-section elementor-inner-section elementor-element elementor-element-788a622 elementor-section-height-min-height elementor-section-boxed elementor-section-height-default\" data-id=\"788a622\" data-element_type=\"section\" data-e-type=\"section\">\n\t\t\t\t\t\t<div class=\"elementor-container elementor-column-gap-default\">\n\t\t\t\t\t<div class=\"elementor-column elementor-col-25 elementor-inner-column elementor-element elementor-element-57fffff box-link\" data-id=\"57fffff\" data-element_type=\"column\" data-e-type=\"column\" data-settings=\"{&quot;background_background&quot;:&quot;classic&quot;}\">\n\t\t\t<div class=\"elementor-widget-wrap elementor-element-populated\">\n\t\t\t\t\t\t<div class=\"elementor-element elementor-element-6c26088 elementor-widget elementor-widget-zeus-banner\" data-id=\"6c26088\" data-element_type=\"widget\" data-e-type=\"widget\" data-widget_type=\"zeus-banner.default\">\n\t\t\t\t<div class=\"elementor-widget-container\">\n\t\t\t\t\t\n\t\t<figure class=\"zeus-banner zeus-gaia\">\n\t\t\t\t\t\t\t<img fetchpriority=\"high\" decoding=\"async\" width=\"1080\" height=\"1080\" src=\"https:\/\/graust.com\/wp-content\/uploads\/2024\/03\/Disseny-sense-titol-25.png\" class=\"attachment-full size-full wp-image-1861\" alt=\"\" srcset=\"https:\/\/graust.com\/wp-content\/uploads\/2024\/03\/Disseny-sense-titol-25.png 1080w, https:\/\/graust.com\/wp-content\/uploads\/2024\/03\/Disseny-sense-titol-25-300x300.png 300w, https:\/\/graust.com\/wp-content\/uploads\/2024\/03\/Disseny-sense-titol-25-1024x1024.png 1024w, https:\/\/graust.com\/wp-content\/uploads\/2024\/03\/Disseny-sense-titol-25-150x150.png 150w, https:\/\/graust.com\/wp-content\/uploads\/2024\/03\/Disseny-sense-titol-25-768x768.png 768w\" sizes=\"(max-width: 1080px) 100vw, 1080px\" \/>\t\t\t\t<figcaption>\n\t\t\t\t\t<div class=\"zeus-banner-content\">\n\t\t\t\t\t\t<h5 class=\"zeus-banner-title\">An\u00e1lisis de aguas<\/h5>\n\t\t\t\t\t\t<div class=\"zeus-banner-text\"><\/div>\n\t\t\t\t\t<\/div>\n\t\t\t\t<\/figcaption>\n\t\t\t\t\t<\/figure>\n\t\t\t\t\t\t<\/div>\n\t\t\t\t<\/div>\n\t\t\t\t\t<\/div>\n\t\t<\/div>\n\t\t\t\t<div class=\"elementor-column elementor-col-25 elementor-inner-column elementor-element elementor-element-635427a box-link\" data-id=\"635427a\" data-element_type=\"column\" data-e-type=\"column\" data-settings=\"{&quot;background_background&quot;:&quot;classic&quot;}\">\n\t\t\t<div class=\"elementor-widget-wrap elementor-element-populated\">\n\t\t\t\t\t\t<div class=\"elementor-element elementor-element-2691a2b elementor-widget elementor-widget-zeus-banner\" data-id=\"2691a2b\" data-element_type=\"widget\" data-e-type=\"widget\" data-widget_type=\"zeus-banner.default\">\n\t\t\t\t<div class=\"elementor-widget-container\">\n\t\t\t\t\t\n\t\t<figure class=\"zeus-banner zeus-gaia\">\n\t\t\t\t\t\t\t<img decoding=\"async\" width=\"1080\" height=\"1080\" src=\"https:\/\/graust.com\/wp-content\/uploads\/2024\/03\/Disseny-sense-titol-26.png\" class=\"attachment-full size-full wp-image-1863\" alt=\"\" srcset=\"https:\/\/graust.com\/wp-content\/uploads\/2024\/03\/Disseny-sense-titol-26.png 1080w, https:\/\/graust.com\/wp-content\/uploads\/2024\/03\/Disseny-sense-titol-26-300x300.png 300w, https:\/\/graust.com\/wp-content\/uploads\/2024\/03\/Disseny-sense-titol-26-1024x1024.png 1024w, https:\/\/graust.com\/wp-content\/uploads\/2024\/03\/Disseny-sense-titol-26-150x150.png 150w, https:\/\/graust.com\/wp-content\/uploads\/2024\/03\/Disseny-sense-titol-26-768x768.png 768w\" sizes=\"(max-width: 1080px) 100vw, 1080px\" \/>\t\t\t\t<figcaption>\n\t\t\t\t\t<div class=\"zeus-banner-content\">\n\t\t\t\t\t\t<h5 class=\"zeus-banner-title\">Filtraci\u00f3n<\/h5>\n\t\t\t\t\t\t<div class=\"zeus-banner-text\"><\/div>\n\t\t\t\t\t<\/div>\n\t\t\t\t<\/figcaption>\n\t\t\t\t\t<\/figure>\n\t\t\t\t\t\t<\/div>\n\t\t\t\t<\/div>\n\t\t\t\t\t<\/div>\n\t\t<\/div>\n\t\t\t\t<div class=\"elementor-column elementor-col-25 elementor-inner-column elementor-element elementor-element-b23d3a3 box-link\" data-id=\"b23d3a3\" data-element_type=\"column\" data-e-type=\"column\" data-settings=\"{&quot;background_background&quot;:&quot;classic&quot;}\">\n\t\t\t<div class=\"elementor-widget-wrap elementor-element-populated\">\n\t\t\t\t\t\t<div class=\"elementor-element elementor-element-37c42af elementor-widget elementor-widget-zeus-banner\" data-id=\"37c42af\" data-element_type=\"widget\" data-e-type=\"widget\" data-widget_type=\"zeus-banner.default\">\n\t\t\t\t<div class=\"elementor-widget-container\">\n\t\t\t\t\t\n\t\t<figure class=\"zeus-banner zeus-gaia\">\n\t\t\t\t\t\t\t<img decoding=\"async\" width=\"1080\" height=\"1080\" src=\"https:\/\/graust.com\/wp-content\/uploads\/2024\/03\/Disseny-sense-titol-28.png\" class=\"attachment-full size-full wp-image-1865\" alt=\"\" srcset=\"https:\/\/graust.com\/wp-content\/uploads\/2024\/03\/Disseny-sense-titol-28.png 1080w, https:\/\/graust.com\/wp-content\/uploads\/2024\/03\/Disseny-sense-titol-28-300x300.png 300w, https:\/\/graust.com\/wp-content\/uploads\/2024\/03\/Disseny-sense-titol-28-1024x1024.png 1024w, https:\/\/graust.com\/wp-content\/uploads\/2024\/03\/Disseny-sense-titol-28-150x150.png 150w, https:\/\/graust.com\/wp-content\/uploads\/2024\/03\/Disseny-sense-titol-28-768x768.png 768w\" sizes=\"(max-width: 1080px) 100vw, 1080px\" \/>\t\t\t\t<figcaption>\n\t\t\t\t\t<div class=\"zeus-banner-content\">\n\t\t\t\t\t\t<h5 class=\"zeus-banner-title\">Descalcificadores<\/h5>\n\t\t\t\t\t\t<div class=\"zeus-banner-text\"><\/div>\n\t\t\t\t\t<\/div>\n\t\t\t\t<\/figcaption>\n\t\t\t\t\t<\/figure>\n\t\t\t\t\t\t<\/div>\n\t\t\t\t<\/div>\n\t\t\t\t\t<\/div>\n\t\t<\/div>\n\t\t\t\t<div class=\"elementor-column elementor-col-25 elementor-inner-column elementor-element elementor-element-797a37f box-link\" data-id=\"797a37f\" data-element_type=\"column\" data-e-type=\"column\" data-settings=\"{&quot;background_background&quot;:&quot;classic&quot;}\">\n\t\t\t<div class=\"elementor-widget-wrap elementor-element-populated\">\n\t\t\t\t\t\t<div class=\"elementor-element elementor-element-c4f4b0c elementor-widget elementor-widget-zeus-banner\" data-id=\"c4f4b0c\" data-element_type=\"widget\" data-e-type=\"widget\" data-widget_type=\"zeus-banner.default\">\n\t\t\t\t<div class=\"elementor-widget-container\">\n\t\t\t\t\t\n\t\t<figure class=\"zeus-banner zeus-gaia\">\n\t\t\t\t\t\t\t<img loading=\"lazy\" decoding=\"async\" width=\"1080\" height=\"1080\" src=\"https:\/\/graust.com\/wp-content\/uploads\/2024\/03\/Disseny-sense-titol-27.png\" class=\"attachment-full size-full wp-image-1867\" alt=\"\" srcset=\"https:\/\/graust.com\/wp-content\/uploads\/2024\/03\/Disseny-sense-titol-27.png 1080w, https:\/\/graust.com\/wp-content\/uploads\/2024\/03\/Disseny-sense-titol-27-300x300.png 300w, https:\/\/graust.com\/wp-content\/uploads\/2024\/03\/Disseny-sense-titol-27-1024x1024.png 1024w, https:\/\/graust.com\/wp-content\/uploads\/2024\/03\/Disseny-sense-titol-27-150x150.png 150w, https:\/\/graust.com\/wp-content\/uploads\/2024\/03\/Disseny-sense-titol-27-768x768.png 768w\" sizes=\"(max-width: 1080px) 100vw, 1080px\" \/>\t\t\t\t<figcaption>\n\t\t\t\t\t<div class=\"zeus-banner-content\">\n\t\t\t\t\t\t<h5 class=\"zeus-banner-title\">Sal para descalcificadores<\/h5>\n\t\t\t\t\t\t<div class=\"zeus-banner-text\"><\/div>\n\t\t\t\t\t<\/div>\n\t\t\t\t<\/figcaption>\n\t\t\t\t\t<\/figure>\n\t\t\t\t\t\t<\/div>\n\t\t\t\t<\/div>\n\t\t\t\t\t<\/div>\n\t\t<\/div>\n\t\t\t\t\t<\/div>\n\t\t<\/section>\n\t\t\t\t\t<\/div>\n\t\t<\/div>\n\t\t\t\t\t<\/div>\n\t\t<\/section>\n\t\t\t\t<section class=\"elementor-section elementor-top-section elementor-element elementor-element-e7fd8b2 elementor-section-boxed elementor-section-height-default elementor-section-height-default\" data-id=\"e7fd8b2\" data-element_type=\"section\" data-e-type=\"section\" data-settings=\"{&quot;background_background&quot;:&quot;classic&quot;}\">\n\t\t\t\t\t\t<div class=\"elementor-container elementor-column-gap-default\">\n\t\t\t\t\t<div class=\"elementor-column elementor-col-100 elementor-top-column elementor-element elementor-element-cf0fb98\" data-id=\"cf0fb98\" data-element_type=\"column\" data-e-type=\"column\">\n\t\t\t<div class=\"elementor-widget-wrap elementor-element-populated\">\n\t\t\t\t\t\t<div class=\"elementor-element elementor-element-b8359f2 elementor-widget elementor-widget-heading\" data-id=\"b8359f2\" data-element_type=\"widget\" data-e-type=\"widget\" data-widget_type=\"heading.default\">\n\t\t\t\t<div class=\"elementor-widget-container\">\n\t\t\t\t\t<h2 class=\"elementor-heading-title elementor-size-default\">Como nuestro equipo t\u00e9cnico TE puede ayudar<\/h2>\t\t\t\t<\/div>\n\t\t\t\t<\/div>\n\t\t\t\t<div class=\"elementor-element elementor-element-ee91f93 elementor-widget elementor-widget-button\" data-id=\"ee91f93\" data-element_type=\"widget\" data-e-type=\"widget\" data-widget_type=\"button.default\">\n\t\t\t\t<div class=\"elementor-widget-container\">\n\t\t\t\t\t\t\t\t\t<div class=\"elementor-button-wrapper\">\n\t\t\t\t\t<a class=\"elementor-button elementor-button-link elementor-size-sm\" href=\"https:\/\/graust.com\/es\/contacto\/\">\n\t\t\t\t\t\t<span class=\"elementor-button-content-wrapper\">\n\t\t\t\t\t\t\t\t\t<span class=\"elementor-button-text\">CONT\u00c1CTANOS<\/span>\n\t\t\t\t\t<\/span>\n\t\t\t\t\t<\/a>\n\t\t\t\t<\/div>\n\t\t\t\t\t\t\t\t<\/div>\n\t\t\t\t<\/div>\n\t\t\t\t\t<\/div>\n\t\t<\/div>\n\t\t\t\t\t<\/div>\n\t\t<\/section>\n\t\t\t\t<\/div>\n\t\t","protected":false},"excerpt":{"rendered":"<p>Tratamientos de agua Tratamientos de agua de H2OLOT by Grau ST Trabajamos desde la nuestra empresa tractaments d&#8217;aigua Olot An\u00e1lisis de aguas Filtraci\u00f3n Descalcificadores Sal para descalcificadores Como nuestro equipo t\u00e9cnico TE puede ayudar CONT\u00c1CTANOS<\/p>\n","protected":false},"author":2,"featured_media":0,"parent":0,"menu_order":0,"comment_status":"closed","ping_status":"closed","template":"","meta":{"site-sidebar-layout":"no-sidebar","site-content-layout":"page-builder","ast-site-content-layout":"default","site-content-style":"default","site-sidebar-style":"default","ast-global-header-display":"","ast-banner-title-visibility":"","ast-main-header-display":"","ast-hfb-above-header-display":"","ast-hfb-below-header-display":"","ast-hfb-mobile-header-display":"","site-post-title":"disabled","ast-breadcrumbs-content":"","ast-featured-img":"disabled","footer-sml-layout":"","ast-disable-related-posts":"","theme-transparent-header-meta":"","adv-header-id-meta":"","stick-header-meta":"","header-above-stick-meta":"","header-main-stick-meta":"","header-below-stick-meta":"","astra-migrate-meta-layouts":"default","ast-page-background-enabled":"default","ast-page-background-meta":{"desktop":{"background-color":"var(--ast-global-color-4)","background-image":"","background-repeat":"repeat","background-position":"center center","background-size":"auto","background-attachment":"scroll","background-type":"","background-media":"","overlay-type":"","overlay-color":"","overlay-opacity":"","overlay-gradient":""},"tablet":{"background-color":"","background-image":"","background-repeat":"repeat","background-position":"center center","background-size":"auto","background-attachment":"scroll","background-type":"","background-media":"","overlay-type":"","overlay-color":"","overlay-opacity":"","overlay-gradient":""},"mobile":{"background-color":"","background-image":"","background-repeat":"repeat","background-position":"center center","background-size":"auto","background-attachment":"scroll","background-type":"","background-media":"","overlay-type":"","overlay-color":"","overlay-opacity":"","overlay-gradient":""}},"ast-content-background-meta":{"desktop":{"background-color":"var(--ast-global-color-5)","background-image":"","background-repeat":"repeat","background-position":"center center","background-size":"auto","background-attachment":"scroll","background-type":"","background-media":"","overlay-type":"","overlay-color":"","overlay-opacity":"","overlay-gradient":""},"tablet":{"background-color":"var(--ast-global-color-5)","background-image":"","background-repeat":"repeat","background-position":"center center","background-size":"auto","background-attachment":"scroll","background-type":"","background-media":"","overlay-type":"","overlay-color":"","overlay-opacity":"","overlay-gradient":""},"mobile":{"background-color":"var(--ast-global-color-5)","background-image":"","background-repeat":"repeat","background-position":"center center","background-size":"auto","background-attachment":"scroll","background-type":"","background-media":"","overlay-type":"","overlay-color":"","overlay-opacity":"","overlay-gradient":""}},"footnotes":""},"class_list":["post-525","page","type-page","status-publish","hentry"],"_links":{"self":[{"href":"https:\/\/graust.com\/es\/wp-json\/wp\/v2\/pages\/525","targetHints":{"allow":["GET"]}}],"collection":[{"href":"https:\/\/graust.com\/es\/wp-json\/wp\/v2\/pages"}],"about":[{"href":"https:\/\/graust.com\/es\/wp-json\/wp\/v2\/types\/page"}],"author":[{"embeddable":true,"href":"https:\/\/graust.com\/es\/wp-json\/wp\/v2\/users\/2"}],"replies":[{"embeddable":true,"href":"https:\/\/graust.com\/es\/wp-json\/wp\/v2\/comments?post=525"}],"version-history":[{"count":13,"href":"https:\/\/graust.com\/es\/wp-json\/wp\/v2\/pages\/525\/revisions"}],"predecessor-version":[{"id":2126,"href":"https:\/\/graust.com\/es\/wp-json\/wp\/v2\/pages\/525\/revisions\/2126"}],"wp:attachment":[{"href":"https:\/\/graust.com\/es\/wp-json\/wp\/v2\/media?parent=525"}],"curies":[{"name":"wp","href":"https:\/\/api.w.org\/{rel}","templated":true}]}}